{"id":697,"date":"2015-06-02T10:30:07","date_gmt":"2015-06-02T10:30:07","guid":{"rendered":"http:\/\/www.savaslarferforje.com\/efor\/?page_id=697"},"modified":"2016-08-16T14:51:39","modified_gmt":"2016-08-16T14:51:39","slug":"kisisel-referanslar","status":"publish","type":"page","link":"http:\/\/www.eforelektrik.com\/en\/kisisel-referanslar\/","title":{"rendered":"Corporate Management"},"content":{"rendered":"<div class=\"su-tabs su-tabs-style-default\" data-active=\"1\"><div class=\"su-tabs-nav\"><span class=\"\" data-url=\"\" data-target=\"blank\">Mustafa Durdu - Company Founder<\/span><span class=\"\" data-url=\"\" data-target=\"blank\">Ersin Durdu - General Manager<\/span><span class=\"\" data-url=\"\" data-target=\"blank\">H\u00fcseyin Co\u015fkun \u2013 Mekanik Grup M\u00fcd\u00fcr\u00fc<\/span><\/div><div class=\"su-tabs-panes\"><div class=\"su-tabs-pane su-clearfix\">\n1972 &#8211; 1978 Malatya S\u00fcmerbank &#8211; Pamuklu Office (Technician)<br \/>\n1978 &#8211; 1979 Saudi Arabia &#8211; Shedgum Gas Plant &#8211; Foster Wheeler ( Supervisor)<br \/>\n1979 &#8211; 1983 Afsin Elbistan \u2013 Thermal Power Plant &#8211; Foster Wheeler (Superintendant)<br \/>\n1983 &#8211; 1985 Malatya 2. Military Camp TEK Kangal &#8211; Sirin Construction (Subcontractor)<br \/>\n1985 &#8211; 1987 Trakya Hamit Abat Gas Power Plant &#8211; BBC \/ ENKA \/ ELTES (Consultant &amp; Installation Superintendant)<br \/>\n1987 &#8211; 1989 Istanbul- Ankara Natural Gas Pipeline \u2013 Installation of EHN stations (52 units) &#8211; ENKA \/ Kurtulus Teknik<br \/>\n1989 &#8211; 1992 Several projects with Kurtulu\u015f Teknik (Yuksel Birdal)<br \/>\n1994 &#8211; 1995 Turkmenistan -Ashgabat Airport &#8211; JLAL \/ ALARKO \/ ELTES (Supervisor)<br \/>\n1996 &#8211; 1997 Kazakhstan &#8211; Chezgasgan Hospital &#8211; SAMSUNG \/ ALARKO\/ ELTES (Supervisor)<br \/>\n1997 &#8211; 1999 Uzbekistan Samarkand &#8211; BAT Cigarette Factory &#8211; JLAL \/ALARKO\/ELTES (Supervisor)<br \/>\n1999 &#8211; 2000 Uzbekistan &#8211; Samarkand, Bukhara ,Urgench airports modernization project &#8211; JLAL-ALARKO (Q.A. Manager)<br \/>\n2000 &#8211; 2001 Istanbul &#8211; Taksim Super Plaza -SIEMENS (Installation Superintendant)<br \/>\n2001 \u2013CEO of EFOR Group since foundation of the Company.<br \/>\n<\/div>\n<div class=\"su-tabs-pane su-clearfix\">\n1996 &#8211; 1997 Kazakhstan &#8211; Chezgasgan Hospital &#8211; SAMSUNG \/ ALARKO\/ ELTES (Technician &amp; Warranty Period Supervisor &#8211; BMS &amp; LV Systems)<br \/>\n1997 &#8211; 1999 Uzbekistan Samarkand &#8211; BAT Cigarette Factory &#8211; JLAL \/ALARKO\/ELTES (Technician)<br \/>\n1999 &#8211; 1999 Uzbekistan Samarkand &#8211; Samko\u00e7 Bus Factory &#8211; Aktif Elektrik (Supervisor &#8211; LV Systems)<br \/>\n1999 &#8211; 2001 Uzbekistan &#8211; Samarkand, Bukhara ,Urgench airports modernization project &#8211; JLAL-ALARKO (Superintendant, Warranty Period Supervisor)<br \/>\n2001 &#8211; General Manager of EFOR Group since foundation of the Company. Successfully accomplished all projects completed by EFOR Group.<br \/>\n<\/div>\n<div class=\"su-tabs-pane su-clearfix\">                            \t\t\t\t\t\t\t\t\t\t\t\t\t\t\t\t\t\t\t\t\t\t\t\t\t04\/2000-09-2000 T\u00fcrkiye, \u0130stanbul &#8211; Metro projesi 4.Levent istasyonu- \u0130stanbul metro (Saha M\u00fchendisi)     \t\t\t\t\t\t\t\t\t\t\t\t\t\t\t\t\t\t\t\t\t\t\t\t\t\t\t11.2001-08.2002 T\u00fcrkiye,\u0130stanbul &#8211; Ko-Jenerasyon enerji merkezi kurulumu ve servisinin sa\u011flanmas\u0131- (servis M\u00fchendisi)   \t\t\t\t\t\t\t\t\t\t\t\t\t\t\t\t\t\t\t\t\t\t 08.2002-01.2004 Azerbeycan\/ Bak\u00fc \u2013 Tiflis demiryolu \u00fczerindeki poti liman\u0131,Yak\u0131t depolama ve aktarma istasyonu \u2013MTG Engineering Ltd (Saha m\u00fchendisi)  \t\t\t\t\t\t\t\t\t\t\t\t\t\t\t\t02.2004-01.2005 Kazakistan\/Astana \u2013 Astana Uluslararas\u0131 havaliman\u0131 renevasyon projesi \u2013Alsim Alarko ( Saha m\u00fchendisi)\t\t\t\t\t\t\t\t\t\t\t\t\t\t\t\t\t\t\t\t\t\t\t02.2005-01.2006 T\u00fcrkiye\/\u0130stanbul \u2013  Group Engineering Ltd. &#8211; (Proje design m\u00fchendisi)\t\t\t\t\t\t\t\t\t\t\t\t\t\t\t\t\t\t\t\t\t\t\t\t\t\t\t\t\t\t01.2006-12.2006 Kazakistan\/ Almaata \u2013 130 Villa sitesi projesi \u2013MTT Engineering Ltd (Mekanik grup \u015fefi)\t\t\t\t\t\t\t\t\t\t\t\t\t\t\t\t\t\t\t\t\t\t\t\t\t\t\t01.2007-02.2008 Kazakistan\/Astana \u2013 Office center projesi \u2013Arde Klima Ltd. (Mekanik grup \u015fefi)        \t\t\t\t\t\t\t\t\t\t\t\t\t\t\t\t\t\t\t\t\t\t\t\t\t\t\t\t08.2008-03.2009  T\u00fcrkiye\/\u0130stanbul \u2013 Levent Loft Residence &#038; Office projesi \u2013Altaca \u0130n\u015faat Ltd. (Mekanik grup \u015fefi)          \t\t\t\t\t\t\t\t\t\t\t\t\t\t\t\t\t\t\t\t\t\t\t04.2009-02.2010- Kazakistan\/Almaata \u2013 Villa tesisi &#038; sosyal tesisler projesi &#8211;  \u0130deal Mekanik Ltd. (Mekanik grup \u015fefi) \t\t\t\t\t\t\t\t\t\t\t\t\t\t\t\t\t\t\t\t\t\t\t\t02.2010-08.2012 \u2013 Kazakistan \u2013 IMS Almaata merkez ofis, Metro Cash&#038;Cary , AVM ler ( total 240.000m2) IMS M\u00fchendislik Ltd. (Mekanik i\u015fler proje y\u00f6neticisi)                   \t\t\t\t\t\t\t\t\t\t\t\t\t\t09.2012-10.2013 Rusya\/St Petersburg \u2013 St.Petersburg havaliman\u0131, Park Inn hotel (100.000m2) Simac M Group Ltd. (Mekanik grup m\u00fcd\u00fcr\u00fc)\t\t\t\t\t\t\t\t\t\t\t\t\t\t\t\t\t\t\t\t10.2013-09.2014 T\u00fcrkiye\/\u0130stanbul \u2013 Palladium Tower i\u015f merkezi (120.000m2) Nida \u0130n\u015faaat A.\u015e (Mekanik grup \u015fefi)               \t\t\t\t\t\t\t\t\t\t\t\t\t\t\t\t\t\t\t\t\t\t\t09.2014-03.2015 T\u00fcrkiye\/\u0130stanbul \u2013 Delta M\u00fchendislik Merkez ofis (Teklif M\u00fchendisi)                                                                                                               \t\t\t\t\t\t\t\t\t\t\t\t\t\t\t\t  03.2015-11.2015 Kazakistan\/Almaata \u2013 Almaly holding i\u015f merkezi , Futbol klub\u00fc Kairat (72.000m2) Signex devolopment Ltd. (Mekanik grup M\u00fcd\u00fcr\u00fc)                                                                     \t\t\t\t\t\t\t\t     01.2015- Efor Group Mekanik i\u015fler grup m\u00fcd\u00fcr\u00fc olarak g\u00f6revine devam etmektedir.<br \/>\n<\/div><\/div><\/div>","protected":false},"excerpt":{"rendered":"","protected":false},"author":1,"featured_media":0,"parent":0,"menu_order":0,"comment_status":"closed","ping_status":"closed","template":"","meta":{"footnotes":""},"class_list":["post-697","page","type-page","status-publish","hentry"],"_links":{"self":[{"href":"http:\/\/www.eforelektrik.com\/en\/wp-json\/wp\/v2\/pages\/697","targetHints":{"allow":["GET"]}}],"collection":[{"href":"http:\/\/www.eforelektrik.com\/en\/wp-json\/wp\/v2\/pages"}],"about":[{"href":"http:\/\/www.eforelektrik.com\/en\/wp-json\/wp\/v2\/types\/page"}],"author":[{"embeddable":true,"href":"http:\/\/www.eforelektrik.com\/en\/wp-json\/wp\/v2\/users\/1"}],"replies":[{"embeddable":true,"href":"http:\/\/www.eforelektrik.com\/en\/wp-json\/wp\/v2\/comments?post=697"}],"version-history":[{"count":18,"href":"http:\/\/www.eforelektrik.com\/en\/wp-json\/wp\/v2\/pages\/697\/revisions"}],"predecessor-version":[{"id":1609,"href":"http:\/\/www.eforelektrik.com\/en\/wp-json\/wp\/v2\/pages\/697\/revisions\/1609"}],"wp:attachment":[{"href":"http:\/\/www.eforelektrik.com\/en\/wp-json\/wp\/v2\/media?parent=697"}],"curies":[{"name":"wp","href":"https:\/\/api.w.org\/{rel}","templated":true}]}}