{"id":10,"date":"2015-04-24T15:43:33","date_gmt":"2015-04-24T15:43:33","guid":{"rendered":"http:\/\/www.savaslarferforje.com\/efor\/?page_id=10"},"modified":"2016-04-14T19:40:17","modified_gmt":"2016-04-14T19:40:17","slug":"hizmetler","status":"publish","type":"page","link":"http:\/\/www.eforelektrik.com\/ru\/hizmetler\/","title":{"rendered":"\u0423\u0441\u043b\u0443\u0433\u0438"},"content":{"rendered":"<strong>TASARIM VE PROJE<\/strong><br \/>\nEFOR, proje tasar\u0131m ve dizayn \u00e7al\u0131\u015fmalar\u0131nda, b\u00fcnyesindeki tecr\u00fcbeli m\u00fchendislerin g\u00f6zetimi ve kontrol\u00fcnde, m\u00fchendislik hizmeti alan\u0131nda pek \u00e7ok uluslar aras\u0131 projelere imzas\u0131n\u0131 atm\u0131\u015f olan profosyenel partnerleri ile \u00e7al\u0131\u015fmalar\u0131n\u0131 s\u00fcrd\u00fcrmektedir.<br \/>\n<strong>UYGULAMA<\/strong><br \/>\nKurucular\u0131 ve \u00e7ekirdek kadrosunda \u00e7al\u0131\u015fan personelleri, g\u00f6rev alm\u0131\u015f olduklar\u0131 b\u00fcy\u00fck ve uluslar aras\u0131 projelerde kazanm\u0131\u015f olduklar\u0131 tecr\u00fcbe, bilgi ve kalite anlay\u0131\u015f\u0131n\u0131 ki\u015fisel ve kurumsal anlamda prensip edinmi\u015ftir. Yap\u0131lacak uygulamalarda g\u00f6rev da\u011f\u0131t\u0131m\u0131 bran\u015f\u0131nda uzmanla\u015fm\u0131\u015f tecr\u00fcbeli ve e\u011fitimli personel ile yap\u0131lmaktad\u0131r. Efor, uygulamada kalite anlay\u0131\u015f\u0131n\u0131n temel prensipleri olarak a\u015fa\u011f\u0131da yaz\u0131lanlar\u0131 benimsemi\u015f ve bug\u00fcne dek bitirmi\u015f oldu\u011fu projelerde i\u015fverenlerine kendini kan\u0131tlam\u0131\u015ft\u0131r.<br \/>\n\u2022 Tasar\u0131m ve projenin uygulanabilirli\u011finin kontrol\u00fc, birimler aras\u0131 koordinasyonu<br \/>\n\u2022 Planlama ve i\u015f program\u0131, program gere\u011fi ihtiya\u00e7 olan nitelikli personel temini ve i\u015f da\u011f\u0131l\u0131m\u0131.<br \/>\n\u2022 Montaj i\u00e7in gerekli olan ekipman ve aletlerin do\u011fru se\u00e7imi, temini.<br \/>\n\u2022 \u0130\u015f g\u00fcvenli\u011fi ve disiplini gereksinimlerinin yerine getirilmesi<br \/>\n\u2022 Uygulamalar\u0131n numune ve \u00f6rnek \u015feklinde m\u00fc\u015fteri onay\u0131na sunumu<br \/>\n\u2022 Uygulaman\u0131n planlanan zamanda projeye uygun yap\u0131m\u0131<br \/>\n\u2022 Gerekli t\u00fcm d\u00f6k\u00fcmantasyonun temini ve sunumu<br \/>\n\u2022 \u0130\u015fin teslimi ve teslim sonras\u0131 i\u015fletme bak\u0131m hizmeti, teknik destek.<br \/>\n<strong>DANI\u015eMANLIK<\/strong><br \/>\nEFOR, teknik taahh\u00fctl\u00fck sekt\u00f6r\u00fcnde vermi\u015f oldu\u011fu hizmet d\u0131\u015f\u0131nda firma ve kurumlara m\u00fchendislik, s\u00fcperviz\u00f6rl\u00fck, teknik bak\u0131m ve \u00fcr\u00fcn satlama konular\u0131nda dan\u0131\u011fmanl\u0131k hizmeti vermektedir. Ayr\u0131ca proje baz\u0131nda kurumlara ve firmalara a\u015fa\u011f\u0131da belirtilen konularda dan\u0131\u015fmanl\u0131k hizmeti vermektedir.<br \/>\n\u2022 Proje ve ke\u015fif<br \/>\n\u2022 Maliyet analiz<br \/>\n\u2022 Planlama<br \/>\n\u2022 Method of statement<br \/>\n\u2022 Teklif ve malzeme se\u00e7imi<br \/>\n\u2022 Kalite kontrol ve s\u00fcperviz\u00f6rl\u00fck hizmetleri<br \/>\n\u2022 Ge\u00e7ici kabul ve i\u015fin teslimine y\u00f6nelik d\u00f6k\u00fcmantasyon i\u015fleri<br \/>\n\u2022 Teslim sonras\u0131 bak\u0131m, teknik dan\u0131\u015fmanl\u0131k","protected":false},"excerpt":{"rendered":"<p>TASARIM VE PROJE EFOR, proje tasar\u0131m ve dizayn \u00e7al\u0131\u015fmalar\u0131nda, b\u00fcnyesindeki tecr\u00fcbeli m\u00fchendislerin g\u00f6zetimi ve kontrol\u00fcnde, m\u00fchendislik hizmeti alan\u0131nda pek \u00e7ok uluslar aras\u0131 projelere imzas\u0131n\u0131 atm\u0131\u015f olan profosyenel partnerleri ile \u00e7al\u0131\u015fmalar\u0131n\u0131 s\u00fcrd\u00fcrmektedir. UYGULAMA Kurucular\u0131 ve \u00e7ekirdek kadrosunda \u00e7al\u0131\u015fan personelleri, g\u00f6rev alm\u0131\u015f<\/p>\n","protected":false},"author":1,"featured_media":0,"parent":0,"menu_order":0,"comment_status":"closed","ping_status":"closed","template":"","meta":{"footnotes":""},"class_list":["post-10","page","type-page","status-publish","hentry"],"_links":{"self":[{"href":"http:\/\/www.eforelektrik.com\/ru\/wp-json\/wp\/v2\/pages\/10","targetHints":{"allow":["GET"]}}],"collection":[{"href":"http:\/\/www.eforelektrik.com\/ru\/wp-json\/wp\/v2\/pages"}],"about":[{"href":"http:\/\/www.eforelektrik.com\/ru\/wp-json\/wp\/v2\/types\/page"}],"author":[{"embeddable":true,"href":"http:\/\/www.eforelektrik.com\/ru\/wp-json\/wp\/v2\/users\/1"}],"replies":[{"embeddable":true,"href":"http:\/\/www.eforelektrik.com\/ru\/wp-json\/wp\/v2\/comments?post=10"}],"version-history":[{"count":15,"href":"http:\/\/www.eforelektrik.com\/ru\/wp-json\/wp\/v2\/pages\/10\/revisions"}],"predecessor-version":[{"id":1540,"href":"http:\/\/www.eforelektrik.com\/ru\/wp-json\/wp\/v2\/pages\/10\/revisions\/1540"}],"wp:attachment":[{"href":"http:\/\/www.eforelektrik.com\/ru\/wp-json\/wp\/v2\/media?parent=10"}],"curies":[{"name":"wp","href":"https:\/\/api.w.org\/{rel}","templated":true}]}}