{"id":2,"date":"2015-04-24T07:07:48","date_gmt":"2015-04-24T07:07:48","guid":{"rendered":"http:\/\/www.eforelektrik.com\/?page_id=2"},"modified":"2015-06-15T19:38:12","modified_gmt":"2015-06-15T19:38:12","slug":"kurumsal","status":"publish","type":"page","link":"http:\/\/www.eforelektrik.com\/ru\/kurumsal\/","title":{"rendered":"Kurumsal"},"content":{"rendered":"<img decoding=\"async\" src=\"http:\/\/www.eforelektrik.com\/wp-content\/uploads\/2015\/05\/logo.png\"\/><br \/>\nEfor Group Elektrik Mak.I\u0307ns\u0327.Tur.D\u0131s\u0327 Tic.San.Ltd.S\u0327ti. 2001 y\u0131l\u0131nda Tu\u0308rkiye&#8217;de kurulmus\u0327tur. <\/p>\n<p>Kurucusu Mustafa Durdu 1983 y\u0131l\u0131ndan 2001 y\u0131l\u0131na dek sekto\u0308rde lider olan farkl\u0131 s\u0327irketlerin o\u0308nemli ve uluslararas\u0131 projelerinde go\u0308rev alm\u0131s\u0327t\u0131r. Bu projelerin yap\u0131m\u0131 ve tesliminde edindig\u0306i bilgi ve tecru\u0308be birikimini, planlama ve performans uzmanl\u0131g\u0306\u0131n\u0131 yurt ic\u0327i ve yurt d\u0131s\u0327\u0131ndaki nitelikli yat\u0131r\u0131mc\u0131 ve mu\u0308teahhitler ic\u0327in aranan kaliteli, yu\u0308ksek taahhu\u0308t sorumlulug\u0306u ve bilinci olan c\u0327al\u0131s\u0327anlar\u0131 ile hizmet vermek amac\u0131ndad\u0131r.<\/p>\n<p>Efor, Elektrik teknik taahhu\u0308tlu\u0308k hizmeti vermek amac\u0327l\u0131 kurulan bir s\u0327irket olup 2003 y\u0131l\u0131nda al\u0131nan kurumsallas\u0327ma karar\u0131 ve brans\u0327\u0131nda uzman yo\u0308netici ve mu\u0308hendis kat\u0131l\u0131mlar\u0131 ile faaliyet alanlar\u0131 ic\u0327erisinde elektrik taahhu\u0308t is\u0327lerine ilaveten mekanik sistemler ve ins\u0327aat taahhu\u0308t is\u0327lerini de ilave ederek sekto\u0308rde tercih edilen bir firma olma hedefindedir.","protected":false},"excerpt":{"rendered":"<p>Efor Group Elektrik Mak.I\u0307ns\u0327.Tur.D\u0131s\u0327 Tic.San.Ltd.S\u0327ti. 2001 y\u0131l\u0131nda Tu\u0308rkiye&#8217;de kurulmus\u0327tur. Kurucusu Mustafa Durdu 1983 y\u0131l\u0131ndan 2001 y\u0131l\u0131na dek sekto\u0308rde lider olan farkl\u0131 s\u0327irketlerin o\u0308nemli ve uluslararas\u0131 projelerinde go\u0308rev alm\u0131s\u0327t\u0131r. Bu projelerin yap\u0131m\u0131 ve tesliminde edindig\u0306i bilgi ve tecru\u0308be birikimini, planlama ve<\/p>\n","protected":false},"author":1,"featured_media":0,"parent":0,"menu_order":0,"comment_status":"closed","ping_status":"closed","template":"","meta":{"footnotes":""},"class_list":["post-2","page","type-page","status-publish","hentry"],"_links":{"self":[{"href":"http:\/\/www.eforelektrik.com\/ru\/wp-json\/wp\/v2\/pages\/2","targetHints":{"allow":["GET"]}}],"collection":[{"href":"http:\/\/www.eforelektrik.com\/ru\/wp-json\/wp\/v2\/pages"}],"about":[{"href":"http:\/\/www.eforelektrik.com\/ru\/wp-json\/wp\/v2\/types\/page"}],"author":[{"embeddable":true,"href":"http:\/\/www.eforelektrik.com\/ru\/wp-json\/wp\/v2\/users\/1"}],"replies":[{"embeddable":true,"href":"http:\/\/www.eforelektrik.com\/ru\/wp-json\/wp\/v2\/comments?post=2"}],"version-history":[{"count":21,"href":"http:\/\/www.eforelektrik.com\/ru\/wp-json\/wp\/v2\/pages\/2\/revisions"}],"predecessor-version":[{"id":1047,"href":"http:\/\/www.eforelektrik.com\/ru\/wp-json\/wp\/v2\/pages\/2\/revisions\/1047"}],"wp:attachment":[{"href":"http:\/\/www.eforelektrik.com\/ru\/wp-json\/wp\/v2\/media?parent=2"}],"curies":[{"name":"wp","href":"https:\/\/api.w.org\/{rel}","templated":true}]}}