{"id":697,"date":"2015-06-02T10:30:07","date_gmt":"2015-06-02T10:30:07","guid":{"rendered":"http:\/\/www.savaslarferforje.com\/efor\/?page_id=697"},"modified":"2016-08-16T14:51:39","modified_gmt":"2016-08-16T14:51:39","slug":"kisisel-referanslar","status":"publish","type":"page","link":"http:\/\/www.eforelektrik.com\/ru\/kisisel-referanslar\/","title":{"rendered":"\u041a\u043e\u0440\u043f\u043e\u0440\u0430\u0442\u0438\u0432\u043d\u043e\u0435 \u0443\u043f\u0440\u0430\u0432\u043b\u0435\u043d\u0438\u0435"},"content":{"rendered":"<div class=\"su-tabs su-tabs-style-default\" data-active=\"1\"><div class=\"su-tabs-nav\"><span class=\"\" data-url=\"\" data-target=\"blank\">\u041c\u0443\u0441\u0442\u0430\u0444\u0430 \u0414\u0443\u0440\u0434\u0443 \u2013 \u0423\u0447\u0440\u0435\u0434\u0438\u0442\u0435\u043b\u044c \u043a\u043e\u043c\u043f\u0430\u043d\u0438\u0438<\/span><span class=\"\" data-url=\"\" data-target=\"blank\">\u042d\u0440\u0441\u0438\u043d \u0414\u0443\u0440\u0434\u0443 \u2013 \u0413\u0435\u043d\u0435\u0440\u0430\u043b\u044c\u043d\u044b\u0439 \u0434\u0438\u0440\u0435\u043a\u0442\u043e\u0440<\/span><span class=\"\" data-url=\"\" data-target=\"blank\">H\u00fcseyin Co\u015fkun \u2013 Mekanik Grup M\u00fcd\u00fcr\u00fc<\/span><\/div><div class=\"su-tabs-panes\"><div class=\"su-tabs-pane su-clearfix\">\n1972 &#8212; 1978 \u041c\u0430\u043b\u0430\u0442\u0439\u0430 \u0421\u044e\u043c\u0435\u0440\u0431\u0430\u043d\u043a &#8212; \u0424\u0438\u043b\u0438\u0430\u043b \u041f\u0430\u043c\u0443\u043a\u043b\u0443 (\u0422\u0435\u0445\u043d\u0438\u043a)<br \/>\n1978 &#8212; 1979 \u0421\u0430\u0443\u0434\u043e\u0432\u0441\u043a\u0430\u044f \u0410\u0440\u0430\u0432\u0438\u044f \u2013 \u0413\u0430\u0437\u043e\u0433\u0435\u043d\u0435\u0440\u0430\u0442\u043e\u0440\u043d\u0430\u044f \u0443\u0441\u0442\u0430\u043d\u043e\u0432\u043a\u0430 \u0428\u0435\u0434\u0433\u0430\u043c \u2013 \u0424\u043e\u0441\u0442\u0435\u0440 \u0423\u0438\u043b\u043b\u0435\u0440 (\u0418\u043d\u0441\u043f\u0435\u043a\u0442\u043e\u0440 \u0440\u0430\u0431\u043e\u0442)<br \/>\n1979 &#8212; 1983 \u0410\u0444\u0441\u0438\u043d \u042d\u043b\u0431\u0438\u0441\u0442\u0430\u043d \u2013 \u0422\u0435\u043f\u043b\u043e\u0441\u0438\u043b\u043e\u0432\u0430\u044f \u0443\u0441\u0442\u0430\u043d\u043e\u0432\u043a\u0430 &#8212; \u0424\u043e\u0441\u0442\u0435\u0440 \u0423\u0438\u043b\u043b\u0435\u0440 (\u0420\u0443\u043a\u043e\u0432\u043e\u0434\u0438\u0442\u0435\u043b\u044c \u0440\u0430\u0431\u043e\u0442)<br \/>\n1983 &#8212; 1985 \u041c\u0430\u043b\u0430\u0442\u0439\u0430 2. \u0412\u043e\u0435\u043d\u043d\u044b\u0439 \u0433\u043e\u0440\u043e\u0434\u043e\u043a TEK \u041a\u0430\u043d\u0433\u0430\u043b &#8212; \u0428\u0438\u0440\u0438\u043d \u0418\u043d\u0448\u0430\u0430\u0442 (\u0421\u0443\u0431\u043f\u043e\u0434\u0440\u044f\u0434\u0447\u0438\u043a)<br \/>\n1985 &#8212; 1987 \u0422\u0440\u0430\u043a\u0439\u0430 \u0425\u0430\u043c\u0438\u0442 \u0410\u0431\u0430\u0442 \u0413\u0430\u0437\u043e\u0442\u0443\u0440\u0431\u0438\u043d\u043d\u0430\u044f \u0441\u0438\u043b\u043e\u0432\u0430\u044f \u0443\u0441\u0442\u0430\u043d\u043e\u0432\u043a\u0430 &#8212; \u0411\u0411\u0421 \/ \u042d\u041d\u041a\u0410 \/ \u042d\u041b\u0422\u0415\u0421 (\u041a\u043e\u043d\u0441\u0443\u043b\u044c\u0442\u0430\u043d\u0442 \u0438 \u0420\u0443\u043a\u043e\u0432\u043e\u0434\u0438\u0442\u0435\u043b\u044c \u043c\u043e\u043d\u0442\u0430\u0436\u043d\u044b\u0445 \u0440\u0430\u0431\u043e\u0442)<br \/>\n1987 &#8212; 1989 \u0421\u0442\u0430\u043c\u0431\u0443\u043b \u2013 \u0410\u043d\u043a\u0430\u0440\u0430 \u0422\u0440\u0443\u0431\u043e\u043f\u0440\u043e\u0432\u043e\u0434 \u043f\u0440\u0438\u0440\u043e\u0434\u043d\u043e\u0433\u043e \u0433\u0430\u0437\u0430 \u2013 \u041c\u043e\u043d\u0442\u0430\u0436 EHN \u0443\u0441\u0442\u0430\u043d\u043e\u0432\u043e\u043a (52 \u0435\u0434.) \u2013 \u042d\u041d\u041a\u0410 \/ \u041a\u0443\u0440\u0442\u0443\u043b\u0443\u0448 \u0422\u0435\u043a\u043d\u0438\u043a<br \/>\n1989 &#8212; 1992 \u041d\u0435\u0441\u043a\u043e\u043b\u044c\u043a\u043e \u043f\u0440\u043e\u0435\u043a\u0442\u043e\u0432 \u0441 \u041a\u0443\u0440\u0442\u0443\u043b\u0443\u0448 \u0422\u0435\u043a\u043d\u0438\u043a (\u042e\u043a\u0441\u0435\u043b\u044c \u0411\u0438\u0440\u0434\u0430\u043b)<br \/>\n1994 &#8212; 1995 \u0422\u0443\u0440\u043a\u043c\u0435\u043d\u0438\u0441\u0442\u0430\u043d \u2013\u0410\u044d\u0440\u043e\u043f\u043e\u0440\u0442 \u0410\u0448\u0445\u0430\u0431\u0430\u0442 &#8212; \u0414\u0416\u041b\u0410\u041b \/ \u0410\u041b\u0410\u0420\u041a\u041e \/ \u042d\u041b\u0422\u0415\u0421 (\u0418\u043d\u0441\u043f\u0435\u043a\u0442\u043e\u0440 \u0440\u0430\u0431\u043e\u0442)<br \/>\n1996 &#8212; 1997 \u041a\u0430\u0437\u0430\u0445\u0441\u0442\u0430\u043d &#8212; \u0411\u043e\u043b\u044c\u043d\u0438\u0446\u0430 \u0414\u0436\u0435\u0437\u043a\u0430\u0437\u0433\u0430\u043d &#8212; \u0421\u0410\u041c\u0421\u0423\u041d\u0413 \/ \u0410\u041b\u0410\u0420\u041a\u041e\/ \u042d\u041b\u0422\u0415\u0421 (\u0418\u043d\u0441\u043f\u0435\u043a\u0442\u043e\u0440 \u0440\u0430\u0431\u043e\u0442)<br \/>\n1997 &#8212; 1999 \u0423\u0437\u0431\u0435\u043a\u0438\u0441\u0442\u0430\u043d \u0421\u0430\u043c\u0430\u0440\u043a\u0430\u043d\u0434 \u2013 \u0421\u0438\u0433\u0430\u0440\u0435\u0442\u043d\u0430\u044f \u0444\u0430\u0431\u0440\u0438\u043a\u0430 \u0411\u0410\u0422 &#8212; \u0414\u0416\u041b\u0410\u041b \/ \u0410\u041b\u0410\u0420\u041a\u041e \/ \u042d\u041b\u0422\u0415\u0421 (\u0418\u043d\u0441\u043f\u0435\u043a\u0442\u043e\u0440 \u0440\u0430\u0431\u043e\u0442)<br \/>\n1999 &#8212; 2000 \u0423\u0437\u0431\u0435\u043a\u0438\u0441\u0442\u0430\u043d \u2013 \u041f\u0440\u043e\u0435\u043a\u0442 \u043c\u043e\u0434\u0435\u0440\u043d\u0438\u0437\u0430\u0446\u0438\u0438 \u0430\u044d\u0440\u043e\u043f\u043e\u0440\u0442\u043e\u0432 \u0421\u0430\u043c\u0430\u0440\u043a\u0430\u043d\u0434, \u0411\u0443\u0445\u0430\u0440\u0430, \u0423\u0440\u0433\u0435\u043d\u0447 &#8212; \u0414\u0416\u041b\u0410\u041b \/ \u0410\u041b\u0410\u0420\u041a\u041e (\u0420\u0443\u043a\u043e\u0432\u043e\u0434\u0438\u0442\u0435\u043b\u044c \u0442\u0435\u0445\u043d\u0438\u0447\u0435\u0441\u043a\u043e\u0433\u043e \u043a\u043e\u043d\u0442\u0440\u043e\u043b\u044f)<br \/>\n2000 &#8212; 2001 \u0421\u0442\u0430\u043c\u0431\u0443\u043b \u2013 \u0422\u0430\u043a\u0441\u0438\u043c \u0421\u0443\u043f\u0435\u0440 \u041f\u043b\u0430\u0437\u0430 -\u0421\u0418\u041c\u0415\u041d\u0421 (\u0420\u0443\u043a\u043e\u0432\u043e\u0434\u0438\u0442\u0435\u043b\u044c \u043c\u043e\u043d\u0442\u0430\u0436\u043d\u044b\u0445 \u0440\u0430\u0431\u043e\u0442)<br \/>\n2001 &#8212; \u041f\u0440\u0435\u0434\u0441\u0435\u0434\u0430\u0442\u0435\u043b\u044c \u043f\u0440\u0430\u0432\u043b\u0435\u043d\u0438\u044f \u042d\u0424\u041e\u0420 \u0413\u0440\u0443\u043f \u0441\u043e \u0434\u043d\u044f \u043e\u0431\u0440\u0430\u0437\u043e\u0432\u0430\u043d\u0438\u044f \u043a\u043e\u043c\u043f\u0430\u043d\u0438\u0438.<br \/>\n<\/div>\n<div class=\"su-tabs-pane su-clearfix\">\n1996 &#8212; 1997 \u041a\u0430\u0437\u0430\u0445\u0441\u0442\u0430\u043d &#8212; \u0411\u043e\u043b\u044c\u043d\u0438\u0446\u0430 \u0414\u0436\u0435\u0437\u043a\u0430\u0437\u0433\u0430\u043d &#8212; \u0421\u0410\u041c\u0421\u0423\u041d\u0413 \/ \u0410\u041b\u0410\u0420\u041a\u041e\/ \u042d\u041b\u0422\u0415\u0421 (\u0422\u0435\u0445\u043d\u0438\u043a \u0438 \u0418\u043d\u0441\u043f\u0435\u043a\u0442\u043e\u0440 \u0433\u0430\u0440\u0430\u043d\u0442\u0438\u0439\u043d\u043e\u0433\u043e \u043f\u0435\u0440\u0438\u043e\u0434\u0430 \u2013 \u0421\u0438\u0441\u0442\u0435\u043c\u044b \u0421\u0423\u0417, \u041d\u0412)<br \/>\n1997 &#8212; 1999 \u0423\u0437\u0431\u0435\u043a\u0438\u0441\u0442\u0430\u043d \u0421\u0430\u043c\u0430\u0440\u043a\u0430\u043d\u0434 \u2013 \u0421\u0438\u0433\u0430\u0440\u0435\u0442\u043d\u0430\u044f \u0444\u0430\u0431\u0440\u0438\u043a\u0430 \u0411\u0410\u0422 &#8212; \u0414\u0416\u041b\u0410\u041b \/ \u0410\u041b\u0410\u0420\u041a\u041e \/ \u042d\u041b\u0422\u0415\u0421 (\u0422\u0435\u0445\u043d\u0438\u043a)<br \/>\n1999 &#8212; 1999 \u0423\u0437\u0431\u0435\u043a\u0438\u0441\u0442\u0430\u043d \u0421\u0430\u043c\u0430\u0440\u043a\u0430\u043d\u0434 \u2013 \u0410\u0432\u0442\u043e\u0431\u0443\u0441\u043d\u044b\u0439 \u0437\u0430\u0432\u043e\u0434 \u0421\u0430\u043c\u043a\u043e\u0447 \u2013 \u0410\u043a\u0442\u0438\u0444 \u042d\u043b\u0435\u043a\u0442\u0440\u0438\u043a (\u0418\u043d\u0441\u043f\u0435\u043a\u0442\u043e\u0440 \u2013 \u0421\u0438\u0441\u0442\u0435\u043c\u044b \u041d\u0412)<br \/>\n1999 &#8212; 2001 \u0423\u0437\u0431\u0435\u043a\u0438\u0441\u0442\u0430\u043d \u2013 \u041f\u0440\u043e\u0435\u043a\u0442 \u043c\u043e\u0434\u0435\u0440\u043d\u0438\u0437\u0430\u0446\u0438\u0438 \u0430\u044d\u0440\u043e\u043f\u043e\u0440\u0442\u043e\u0432 \u0421\u0430\u043c\u0430\u0440\u043a\u0430\u043d\u0434, \u0411\u0443\u0445\u0430\u0440\u0430, \u0423\u0440\u0433\u0435\u043d\u0447 &#8212; \u0414\u0416\u041b\u0410\u041b \/ \u0410\u041b\u0410\u0420\u041a\u041e (\u0420\u0443\u043a\u043e\u0432\u043e\u0434\u0438\u0442\u0435\u043b\u044c \u0440\u0430\u0431\u043e\u0442, \u0418\u043d\u0441\u043f\u0435\u043a\u0442\u043e\u0440 \u0433\u0430\u0440\u0430\u043d\u0442\u0438\u0439\u043d\u043e\u0433\u043e \u043f\u0435\u0440\u0438\u043e\u0434\u0430)<br \/>\n2001 \u2013 \u0413\u0435\u043d\u0435\u0440\u0430\u043b\u044c\u043d\u044b\u0439 \u0434\u0438\u0440\u0435\u043a\u0442\u043e\u0440 \u042d\u0424\u041e\u0420 \u0413\u0440\u0443\u043f \u0441\u043e \u0434\u043d\u044f \u043e\u0431\u0440\u0430\u0437\u043e\u0432\u0430\u043d\u0438\u044f \u043a\u043e\u043c\u043f\u0430\u043d\u0438\u0438. \u0423\u0441\u043f\u0435\u0448\u043d\u043e \u0432\u044b\u043f\u043e\u043b\u043d\u0438\u043b \u0432\u0441\u0435 \u043f\u0440\u043e\u0435\u043a\u0442\u044b, \u0437\u0430\u0432\u0435\u0440\u0448\u0435\u043d\u043d\u044b\u0435 \u042d\u0424\u041e\u0420 \u0413\u0440\u0443\u043f.<br \/>\n<\/div>\n<div class=\"su-tabs-pane su-clearfix\">                            \t\t\t\t\t\t\t\t\t\t\t\t\t\t\t\t\t\t\t\t\t\t\t\t\t04\/2000-09-2000 T\u00fcrkiye, \u0130stanbul &#8212; Metro projesi 4.Levent istasyonu- \u0130stanbul metro (Saha M\u00fchendisi)     \t\t\t\t\t\t\t\t\t\t\t\t\t\t\t\t\t\t\t\t\t\t\t\t\t\t\t11.2001-08.2002 T\u00fcrkiye,\u0130stanbul &#8212; Ko-Jenerasyon enerji merkezi kurulumu ve servisinin sa\u011flanmas\u0131- (servis M\u00fchendisi)   \t\t\t\t\t\t\t\t\t\t\t\t\t\t\t\t\t\t\t\t\t\t 08.2002-01.2004 Azerbeycan\/ Bak\u00fc \u2013 Tiflis demiryolu \u00fczerindeki poti liman\u0131,Yak\u0131t depolama ve aktarma istasyonu \u2013MTG Engineering Ltd (Saha m\u00fchendisi)  \t\t\t\t\t\t\t\t\t\t\t\t\t\t\t\t02.2004-01.2005 Kazakistan\/Astana \u2013 Astana Uluslararas\u0131 havaliman\u0131 renevasyon projesi \u2013Alsim Alarko ( Saha m\u00fchendisi)\t\t\t\t\t\t\t\t\t\t\t\t\t\t\t\t\t\t\t\t\t\t\t02.2005-01.2006 T\u00fcrkiye\/\u0130stanbul \u2013  Group Engineering Ltd. &#8212; (Proje design m\u00fchendisi)\t\t\t\t\t\t\t\t\t\t\t\t\t\t\t\t\t\t\t\t\t\t\t\t\t\t\t\t\t\t01.2006-12.2006 Kazakistan\/ Almaata \u2013 130 Villa sitesi projesi \u2013MTT Engineering Ltd (Mekanik grup \u015fefi)\t\t\t\t\t\t\t\t\t\t\t\t\t\t\t\t\t\t\t\t\t\t\t\t\t\t\t01.2007-02.2008 Kazakistan\/Astana \u2013 Office center projesi \u2013Arde Klima Ltd. (Mekanik grup \u015fefi)        \t\t\t\t\t\t\t\t\t\t\t\t\t\t\t\t\t\t\t\t\t\t\t\t\t\t\t\t08.2008-03.2009  T\u00fcrkiye\/\u0130stanbul \u2013 Levent Loft Residence &#038; Office projesi \u2013Altaca \u0130n\u015faat Ltd. (Mekanik grup \u015fefi)          \t\t\t\t\t\t\t\t\t\t\t\t\t\t\t\t\t\t\t\t\t\t\t04.2009-02.2010- Kazakistan\/Almaata \u2013 Villa tesisi &#038; sosyal tesisler projesi &#8212;  \u0130deal Mekanik Ltd. (Mekanik grup \u015fefi) \t\t\t\t\t\t\t\t\t\t\t\t\t\t\t\t\t\t\t\t\t\t\t\t02.2010-08.2012 \u2013 Kazakistan \u2013 IMS Almaata merkez ofis, Metro Cash&#038;Cary , AVM ler ( total 240.000m2) IMS M\u00fchendislik Ltd. (Mekanik i\u015fler proje y\u00f6neticisi)                   \t\t\t\t\t\t\t\t\t\t\t\t\t\t09.2012-10.2013 Rusya\/St Petersburg \u2013 St.Petersburg havaliman\u0131, Park Inn hotel (100.000m2) Simac M Group Ltd. (Mekanik grup m\u00fcd\u00fcr\u00fc)\t\t\t\t\t\t\t\t\t\t\t\t\t\t\t\t\t\t\t\t10.2013-09.2014 T\u00fcrkiye\/\u0130stanbul \u2013 Palladium Tower i\u015f merkezi (120.000m2) Nida \u0130n\u015faaat A.\u015e (Mekanik grup \u015fefi)               \t\t\t\t\t\t\t\t\t\t\t\t\t\t\t\t\t\t\t\t\t\t\t09.2014-03.2015 T\u00fcrkiye\/\u0130stanbul \u2013 Delta M\u00fchendislik Merkez ofis (Teklif M\u00fchendisi)                                                                                                               \t\t\t\t\t\t\t\t\t\t\t\t\t\t\t\t  03.2015-11.2015 Kazakistan\/Almaata \u2013 Almaly holding i\u015f merkezi , Futbol klub\u00fc Kairat (72.000m2) Signex devolopment Ltd. (Mekanik grup M\u00fcd\u00fcr\u00fc)                                                                     \t\t\t\t\t\t\t\t     01.2015- Efor Group Mekanik i\u015fler grup m\u00fcd\u00fcr\u00fc olarak g\u00f6revine devam etmektedir.<br \/>\n<\/div><\/div><\/div>","protected":false},"excerpt":{"rendered":"","protected":false},"author":1,"featured_media":0,"parent":0,"menu_order":0,"comment_status":"closed","ping_status":"closed","template":"","meta":{"footnotes":""},"class_list":["post-697","page","type-page","status-publish","hentry"],"_links":{"self":[{"href":"http:\/\/www.eforelektrik.com\/ru\/wp-json\/wp\/v2\/pages\/697","targetHints":{"allow":["GET"]}}],"collection":[{"href":"http:\/\/www.eforelektrik.com\/ru\/wp-json\/wp\/v2\/pages"}],"about":[{"href":"http:\/\/www.eforelektrik.com\/ru\/wp-json\/wp\/v2\/types\/page"}],"author":[{"embeddable":true,"href":"http:\/\/www.eforelektrik.com\/ru\/wp-json\/wp\/v2\/users\/1"}],"replies":[{"embeddable":true,"href":"http:\/\/www.eforelektrik.com\/ru\/wp-json\/wp\/v2\/comments?post=697"}],"version-history":[{"count":18,"href":"http:\/\/www.eforelektrik.com\/ru\/wp-json\/wp\/v2\/pages\/697\/revisions"}],"predecessor-version":[{"id":1609,"href":"http:\/\/www.eforelektrik.com\/ru\/wp-json\/wp\/v2\/pages\/697\/revisions\/1609"}],"wp:attachment":[{"href":"http:\/\/www.eforelektrik.com\/ru\/wp-json\/wp\/v2\/media?parent=697"}],"curies":[{"name":"wp","href":"https:\/\/api.w.org\/{rel}","templated":true}]}}