{"id":723,"date":"2015-06-02T18:57:22","date_gmt":"2015-06-02T18:57:22","guid":{"rendered":"http:\/\/www.savaslarferforje.com\/efor\/?page_id=723"},"modified":"2015-08-14T11:07:51","modified_gmt":"2015-08-14T11:07:51","slug":"insaat-altyapi","status":"publish","type":"page","link":"http:\/\/www.eforelektrik.com\/ru\/insaat-altyapi\/","title":{"rendered":"\u0417\u0430\u0441\u0442\u0440\u043e\u0439\u043a\u0430 \u043e\u0431\u044a\u0435\u043a\u0442\u043e\u0432"},"content":{"rendered":"<div id=\"su_slider_69f6750e2e059\" class=\"su-slider su-slider-centered su-slider-pages-yes su-slider-responsive-yes\" style=\"width:100%\" data-autoplay=\"3000\" data-speed=\"600\" data-mousewheel=\"false\"><div class=\"su-slider-slides\"><div class=\"su-slider-slide\"><a><img decoding=\"async\" src=\"http:\/\/eforelektrik.com\/wp-content\/uploads\/2015\/06\/earthwork-and-ut\u0131l\u0131t\u0131es.jpg\" alt=\"earthwork and ut\u0131l\u0131t\u0131es\" \/><\/a><\/div><div class=\"su-slider-slide\"><a><img decoding=\"async\" src=\"http:\/\/eforelektrik.com\/wp-content\/uploads\/2015\/06\/Excavating-York-County-Pipeline-600x300.jpg\" alt=\"Excavating-York-County-Pipeline\" \/><\/a><\/div><div class=\"su-slider-slide\"><a><img decoding=\"async\" src=\"http:\/\/eforelektrik.com\/wp-content\/uploads\/2015\/06\/forekazik-600x300.jpg\" alt=\"forekazik\" \/><\/a><\/div><\/div><div class=\"su-slider-nav\"><div class=\"su-slider-direction\"><span class=\"su-slider-prev\"><\/span><span class=\"su-slider-next\"><\/span><\/div><div class=\"su-slider-pagination\"><\/div><\/div><\/div>\n\u2022 \u0420\u0430\u0441\u043a\u043e\u043f\u043a\u0438 \u0438 \u0437\u0430\u0441\u044b\u043f\u043a\u0438<br \/>\n\u2022 \u0431\u0443\u0440\u043e\u043d\u0430\u0431\u0438\u0432\u043d\u044b\u0445 \u0441\u0432\u0430\u0439<br \/>\n\u2022 \u0420\u0430\u0437\u0440\u0430\u0431\u043e\u0442\u043a\u0430 \u0433\u0440\u0443\u043d\u0442\u0430<br \/>\n\u2022 \u041e\u0441\u0432\u043e\u0435\u043d\u0438\u0435 \u0443\u0447\u0430\u0441\u0442\u043a\u043e\u0432 \u0437\u0435\u043c\u043b\u0438 \u0438 \u0437\u0434\u0430\u043d\u0438\u0439","protected":false},"excerpt":{"rendered":"<p>\u2022 \u0420\u0430\u0441\u043a\u043e\u043f\u043a\u0438 \u0438 \u0437\u0430\u0441\u044b\u043f\u043a\u0438 \u2022 \u0431\u0443\u0440\u043e\u043d\u0430\u0431\u0438\u0432\u043d\u044b\u0445 \u0441\u0432\u0430\u0439 \u2022 \u0420\u0430\u0437\u0440\u0430\u0431\u043e\u0442\u043a\u0430 \u0433\u0440\u0443\u043d\u0442\u0430 \u2022 \u041e\u0441\u0432\u043e\u0435\u043d\u0438\u0435 \u0443\u0447\u0430\u0441\u0442\u043a\u043e\u0432 \u0437\u0435\u043c\u043b\u0438 \u0438 \u0437\u0434\u0430\u043d\u0438\u0439<\/p>\n","protected":false},"author":1,"featured_media":0,"parent":0,"menu_order":0,"comment_status":"closed","ping_status":"closed","template":"","meta":{"footnotes":""},"class_list":["post-723","page","type-page","status-publish","hentry"],"_links":{"self":[{"href":"http:\/\/www.eforelektrik.com\/ru\/wp-json\/wp\/v2\/pages\/723","targetHints":{"allow":["GET"]}}],"collection":[{"href":"http:\/\/www.eforelektrik.com\/ru\/wp-json\/wp\/v2\/pages"}],"about":[{"href":"http:\/\/www.eforelektrik.com\/ru\/wp-json\/wp\/v2\/types\/page"}],"author":[{"embeddable":true,"href":"http:\/\/www.eforelektrik.com\/ru\/wp-json\/wp\/v2\/users\/1"}],"replies":[{"embeddable":true,"href":"http:\/\/www.eforelektrik.com\/ru\/wp-json\/wp\/v2\/comments?post=723"}],"version-history":[{"count":15,"href":"http:\/\/www.eforelektrik.com\/ru\/wp-json\/wp\/v2\/pages\/723\/revisions"}],"predecessor-version":[{"id":1395,"href":"http:\/\/www.eforelektrik.com\/ru\/wp-json\/wp\/v2\/pages\/723\/revisions\/1395"}],"wp:attachment":[{"href":"http:\/\/www.eforelektrik.com\/ru\/wp-json\/wp\/v2\/media?parent=723"}],"curies":[{"name":"wp","href":"https:\/\/api.w.org\/{rel}","templated":true}]}}