{"id":96,"date":"2015-04-29T15:22:24","date_gmt":"2015-04-29T15:22:24","guid":{"rendered":"http:\/\/www.savaslarferforje.com\/efor\/?page_id=96"},"modified":"2016-05-20T12:29:07","modified_gmt":"2016-05-20T12:29:07","slug":"temel-degerler","status":"publish","type":"page","link":"http:\/\/www.eforelektrik.com\/ru\/temel-degerler\/","title":{"rendered":"Temel De\u011ferler"},"content":{"rendered":"<strong>Kalite<\/strong><br \/>\nG\u00fcn\u00fcm\u00fcz\u00fcn k\u00fcresel d\u00fcnyas\u0131nda evrensel standartlara ula\u015fman\u0131n ilk ad\u0131m\u0131, kalite anlay\u0131\u015f\u0131n\u0131 benimsemek ve kalite uygulamalar\u0131n\u0131n s\u00fcreklili\u011fini sa\u011flamakt\u0131r. EFOR bu hizmetleri sunarken bu anlay\u0131\u015f\u0131 benimsemi\u015f personeller ile \u00e7al\u0131\u015fmaktad\u0131r. Kalite, kusursuzluk aray\u0131\u015f\u0131na sistemli bir yakla\u015f\u0131md\u0131r ve bizim m\u00fc\u015fterilerimize sundu\u011fumuz hizmette kalite herzaman \u00f6n plandad\u0131r. &#171;Kalite, bizim zorluklar\u0131 a\u015fma veya varl\u0131\u011f\u0131m\u0131z\u0131 s\u00fcrd\u00fcrme stratejimizdir. Verimlilik de onun sonucudur.&#187;<\/p>\n<p><strong>G\u00fcvenilir ve d\u00fcr\u00fcst olmak<\/strong><br \/>\nBiz \u015firketlerin ili\u015fkilerini evlili\u011fe benzetiriz. Evlilikte oldu\u011fu gibi g\u00fcven, \u015firketlerde de ili\u015fkinin s\u00fcrd\u00fcr\u00fclebilirli\u011fi ve sa\u011fl\u0131kl\u0131 \u00e7al\u0131\u015fma ortamlar\u0131n\u0131n olu\u015fturulabilmesi i\u00e7in gereken ana temel unsur- lardan birisidir. G\u00fcven i\u015fveren ve m\u00fc\u015fteri ile aramizdaki i\u015fi y\u00fcr\u00fctmede bir \u00e7ok kolayl\u0131k sa\u011flar. D\u00fcr\u00fcstl\u00fck bu g\u00fcvenin olu\u015fmas\u0131ndaki ana ilkedir.<\/p>\n<p><strong>Disiplin<\/strong><br \/>\nEfor taahh\u00fct\u00fcn\u00fc \u00fcstlendi\u011fi t\u00fcm projelerinde yerel y\u00f6netmeliklere ve yasalara uyma y\u00fck\u00fcml\u00fcl\u00fc\u011f\u00fcn\u00fcn bilincinde, standartlara ve normlara ba\u011fl\u0131 kalarak taahh\u00fct\u00fcn\u00fc ger\u00e7ekle\u015ftirir. Bu ilkelerden \u00f6d\u00fcn verme- den eti\u011fine uygun i\u015f yapma prensibi ile \u00e7al\u0131\u015fmalar\u0131n\u0131 s\u00fcrd\u00fcrmektedir. Efor \u00e7al\u0131\u015ft\u0131\u011f\u0131 b\u00f6lgenin \u00fclkenin yerel yasalar\u0131na uyulmas\u0131 konusunda \u00e7al\u0131\u015fanlar\u0131n\u0131 bilgilendirmek ve bilin\u00e7lendirmek konusunda \u00e7al\u0131\u015fma lar yapmaktad\u0131r.<\/p>\n<p><strong>Bireylere ve k\u00fclt\u00fcrel de\u011ferlere sayg\u0131<\/strong><br \/>\nBireye sayg\u0131, \u00e7al\u0131\u015fma y\u00f6ntemlerini geli\u015ftirip iyile\u015ftirmek i\u00e7in t\u00fcm \u00e7al\u0131\u015fanlar\u0131n bilgisine, deneyimine ve h\u0131rslar\u0131na sayg\u0131 duyup, bunlar\u0131 kullanarak olusturulur. Yeni fikirler ve ilhamlar, Efor \u00e7al\u0131sanlar\u0131n\u0131n kendi becerilerini gelistirdi\u011fi g\u00fcnl\u00fck operasyonlardan do\u011far. Bu da daha y\u00fcksek kalite, verimlilik ve daha fazla i\u015f tatmini sa\u011flamam\u0131za yard\u0131mc\u0131 olur. \u00c7al\u0131sanlar\u0131m\u0131z\u0131n fikirlerine din dil \u0131rk ayr\u0131m\u0131 g\u00f6zetmek- sizin sayg\u0131 duyar\u0131z. Ayn\u0131 \u015fekilde \u00e7al\u0131\u015fma yapt\u0131\u011f\u0131m\u0131z \u00fclkelerde yerel k\u00fclt\u00fcrel de\u011ferlere sayg\u0131 duyar\u0131z.<\/p>\n<p><strong>Sa\u011fl\u0131k, g\u00fcvenlik ve \u00e7evre<\/strong><br \/>\nT\u00fcm faaliyetlerimizde \u00e7al\u0131san sa\u011fl\u0131\u011f\u0131n\u0131 koruma, \u00e7evre kirlili\u011fine neden olabilecek etkenleri kayna\u011f\u0131nda azaltma gayreti g\u00f6steririz.Sa\u011fl\u0131k, g\u00fcvenlik ve \u00e7evre y\u00f6netimini, falitelerimizin ayr\u0131lmaz bir par\u00e7as\u0131 olarak kabul etmi\u015f ve a\u015fa\u011f\u0131daki ilkeleri benimsemi\u015ftir.<br \/>\n\u2022 Y\u00fcr\u00fcrl\u00fckteki yasalara, ulusal ve uluslarara\u0131i standart ve kurallara uyum<br \/>\n\u2022 S\u00fcrekli e\u011fitimlerle t\u00fcm personelin sa\u011fl\u0131k, g\u00fcvenlik ve \u00e7evre konusunda bilin\u00e7lendirilmesi \u2022 Sistemin s\u00fcrekli olarak g\u00f6zden ge\u00e7irilmesi, s\u00fcrekli geli\u015fme ve iyile\u015ftirme<br \/>\n\u2022 Y\u00fcksek standartl\u0131 sa\u011fl\u0131k, g\u00fcvenlik ve \u00e7evre y\u00f6netimi<br \/>\n\u2022 Bilimsel ve teknolojik yeniliklerin takibi ve uygun kaynak kullan\u0131m\u0131<br \/>\n\u2022 Risk de\u011ferlendirmeleri yap\u0131larak tehlike ve kazalar i\u00e7in \u00f6nlem al\u0131nmas\u0131<br \/>\n\u2022 \u00c7al\u0131\u015fanlar\u0131n sa\u011fl\u0131k ve g\u00fcvenliklerine \u00f6nem verilmesi<\/p>\n<p>Efor bu ilkeler do\u011frultusunda, \u00e7evreye zarar verilmemesini, i\u015f\u00e7i sa\u011fl\u0131\u011f\u0131 ve i\u015f g\u00fcvenli\u011fi i\u00e7in gerekli \u00e7al\u0131\u015fma ko\u015fullar\u0131n\u0131n sa\u011flanmas\u0131n\u0131, s\u0131f\u0131r kaza ve s\u0131f\u0131r tehlikeyi hedeflemi\u015ftir. Bug\u00fcne kadar y\u00fcr\u00fctm\u00fc\u015f oldu\u011fu ve tamamlam\u0131\u015f oldu\u011fu projeleri 0 kaza ile tamamlam\u0131\u015f olmam\u0131z\u0131n gururunu payla\u015f\u0131yoruz.","protected":false},"excerpt":{"rendered":"<p>Kalite G\u00fcn\u00fcm\u00fcz\u00fcn k\u00fcresel d\u00fcnyas\u0131nda evrensel standartlara ula\u015fman\u0131n ilk ad\u0131m\u0131, kalite anlay\u0131\u015f\u0131n\u0131 benimsemek ve kalite uygulamalar\u0131n\u0131n s\u00fcreklili\u011fini sa\u011flamakt\u0131r. EFOR bu hizmetleri sunarken bu anlay\u0131\u015f\u0131 benimsemi\u015f personeller ile \u00e7al\u0131\u015fmaktad\u0131r. Kalite, kusursuzluk aray\u0131\u015f\u0131na sistemli bir yakla\u015f\u0131md\u0131r ve bizim m\u00fc\u015fterilerimize sundu\u011fumuz hizmette kalite herzaman<\/p>\n","protected":false},"author":1,"featured_media":0,"parent":0,"menu_order":0,"comment_status":"closed","ping_status":"closed","template":"","meta":{"footnotes":""},"class_list":["post-96","page","type-page","status-publish","hentry"],"_links":{"self":[{"href":"http:\/\/www.eforelektrik.com\/ru\/wp-json\/wp\/v2\/pages\/96","targetHints":{"allow":["GET"]}}],"collection":[{"href":"http:\/\/www.eforelektrik.com\/ru\/wp-json\/wp\/v2\/pages"}],"about":[{"href":"http:\/\/www.eforelektrik.com\/ru\/wp-json\/wp\/v2\/types\/page"}],"author":[{"embeddable":true,"href":"http:\/\/www.eforelektrik.com\/ru\/wp-json\/wp\/v2\/users\/1"}],"replies":[{"embeddable":true,"href":"http:\/\/www.eforelektrik.com\/ru\/wp-json\/wp\/v2\/comments?post=96"}],"version-history":[{"count":26,"href":"http:\/\/www.eforelektrik.com\/ru\/wp-json\/wp\/v2\/pages\/96\/revisions"}],"predecessor-version":[{"id":1593,"href":"http:\/\/www.eforelektrik.com\/ru\/wp-json\/wp\/v2\/pages\/96\/revisions\/1593"}],"wp:attachment":[{"href":"http:\/\/www.eforelektrik.com\/ru\/wp-json\/wp\/v2\/media?parent=96"}],"curies":[{"name":"wp","href":"https:\/\/api.w.org\/{rel}","templated":true}]}}